{"id":73,"date":"2024-02-29T16:36:14","date_gmt":"2024-02-29T15:36:14","guid":{"rendered":"https:\/\/savoyards-du-monde.org\/?page_id=73"},"modified":"2026-02-04T14:18:39","modified_gmt":"2026-02-04T14:18:39","slug":"a-propos","status":"publish","type":"page","link":"https:\/\/nik6.com\/index.php\/a-propos\/","title":{"rendered":"SAVOYARDS DU MONDE"},"content":{"rendered":"<div class=\"et_pb_module et_pb_text et_pb_text_3  et_pb_text_align_left et_pb_bg_layout_light\">\n<div class=\"et_pb_text_inner\">\n<p><span style=\"font-size: revert; color: initial;\">La f\u00e9d\u00e9ration \u00ab Savoyards du Monde \u00bb (anciennement UMAS) a vocation \u00e0\u00a0 regrouper les associations de savoyards existant \u00e0\u00a0 Paris, \u00e0\u00a0 Lyon, et dans diff\u00e9rentes villes de province ou \u00e0\u00a0 l\u2019Etranger. Elle accueille aussi des personnes isol\u00e9es, en France et dans le monde, qui veulent participer \u00e0\u00a0 ses activit\u00e9s ou simplement maintenir des contacts avec leur r\u00e9gion d\u2019origine.<\/span><\/p>\n<\/div>\n<\/div>\n<div class=\"et_pb_module et_pb_blurb et_pb_blurb_0  et_pb_text_align_justified  et_pb_blurb_position_left et_pb_bg_layout_light\">\n<div class=\"et_pb_blurb_content\">\n<div class=\"et_pb_main_blurb_image\"><\/div>\n<div class=\"et_pb_blurb_container\">\n<h4 class=\"et_pb_module_header\">Cr\u00e9er des liens<\/h4>\n<div class=\"et_pb_blurb_description\">\n<p>Faciliter la connexion entre les Savoyards r\u00e9sidant en dehors de leur r\u00e9gion, ainsi que toute personne int\u00e9ress\u00e9e par la Savoie.<\/p>\n<\/div>\n<\/div>\n<\/div>\n<\/div>\n<div class=\"et_pb_module et_pb_blurb et_pb_blurb_1  et_pb_text_align_justified  et_pb_blurb_position_left et_pb_bg_layout_light\">\n<div class=\"et_pb_blurb_content\">\n<div class=\"et_pb_main_blurb_image\"><\/div>\n<div class=\"et_pb_blurb_container\">\n<h4 class=\"et_pb_module_header\">Aider leurs adh\u00e9rents<\/h4>\n<div class=\"et_pb_blurb_description\">\n<p>Apprendre \u00e0 mieux conna\u00eetre la Savoie d\u2019hier et d\u2019aujourd\u2019hui.<\/p>\n<\/div>\n<\/div>\n<\/div>\n<\/div>\n<div class=\"et_pb_module et_pb_blurb et_pb_blurb_2  et_pb_text_align_justified  et_pb_blurb_position_left et_pb_bg_layout_light\">\n<div class=\"et_pb_blurb_content\">\n<div class=\"et_pb_main_blurb_image\"><\/div>\n<div class=\"et_pb_blurb_container\">\n<h4 class=\"et_pb_module_header\">Promouvoir<\/h4>\n<div class=\"et_pb_blurb_description\">\n<p>Agir pour le rayonnement de la Savoie, qu\u2019il s\u2019agisse du tourisme, de l\u2019industrie, de la culture ou du patrimoine.<\/p>\n<\/div>\n<\/div>\n<\/div>\n<\/div>\n","protected":false},"excerpt":{"rendered":"<p>La f\u00e9d\u00e9ration \u00ab Savoyards du Monde \u00bb (anciennement UMAS) a vocation \u00e0\u00a0 regrouper les associations de savoyards existant \u00e0\u00a0 Paris, \u00e0\u00a0 Lyon, et dans diff\u00e9rentes villes de province ou \u00e0\u00a0 l\u2019Etranger. Elle accueille aussi des personnes isol\u00e9es, en France et dans le monde, qui veulent participer \u00e0\u00a0 ses activit\u00e9s ou&hellip; <\/p>\n","protected":false},"author":1,"featured_media":0,"parent":0,"menu_order":0,"comment_status":"closed","ping_status":"open","template":"","meta":{"footnotes":""},"class_list":["post-73","page","type-page","status-publish","hentry"],"jetpack_sharing_enabled":true,"_links":{"self":[{"href":"https:\/\/nik6.com\/index.php\/wp-json\/wp\/v2\/pages\/73","targetHints":{"allow":["GET"]}}],"collection":[{"href":"https:\/\/nik6.com\/index.php\/wp-json\/wp\/v2\/pages"}],"about":[{"href":"https:\/\/nik6.com\/index.php\/wp-json\/wp\/v2\/types\/page"}],"author":[{"embeddable":true,"href":"https:\/\/nik6.com\/index.php\/wp-json\/wp\/v2\/users\/1"}],"replies":[{"embeddable":true,"href":"https:\/\/nik6.com\/index.php\/wp-json\/wp\/v2\/comments?post=73"}],"version-history":[{"count":3,"href":"https:\/\/nik6.com\/index.php\/wp-json\/wp\/v2\/pages\/73\/revisions"}],"predecessor-version":[{"id":3140,"href":"https:\/\/nik6.com\/index.php\/wp-json\/wp\/v2\/pages\/73\/revisions\/3140"}],"wp:attachment":[{"href":"https:\/\/nik6.com\/index.php\/wp-json\/wp\/v2\/media?parent=73"}],"curies":[{"name":"wp","href":"https:\/\/api.w.org\/{rel}","templated":true}]}}