{"id":76,"date":"2024-02-29T16:36:37","date_gmt":"2024-02-29T15:36:37","guid":{"rendered":"https:\/\/savoyards-du-monde.org\/?page_id=76"},"modified":"2024-02-29T16:36:37","modified_gmt":"2024-02-29T15:36:37","slug":"evenements","status":"publish","type":"page","link":"https:\/\/nik6.com\/index.php\/evenements\/","title":{"rendered":"\u00c9v\u00e9nements"},"content":{"rendered":"<p>[et_pb_section fb_built=&quot;1&quot; next_background_color=&quot;#ffffff&quot; admin_label=&quot;header-background&quot; _builder_version=&quot;4.24.2&quot; _module_preset=&quot;default&quot; use_background_color_gradient=&quot;on&quot; background_color_gradient_direction=&quot;218deg&quot; background_color_gradient_stops=&quot;rgba(0,0,0,0.3) 0%|rgba(2,0,0,0.7) 100%&quot; background_color_gradient_overlays_image=&quot;on&quot; background_image=&quot;https:\/\/nik6.com\/wp-content\/uploads\/2024\/05\/DSC_0283-Copie-scaled.jpg&quot; background_position=&quot;bottom_center&quot; background_vertical_offset=&quot;68%&quot; height=&quot;45vh&quot; custom_padding=&quot;70px||49px|||&quot; top_divider_color=&quot;RGBA(255,255,255,0)&quot; bottom_divider_style=&quot;graph3&quot; bottom_divider_height=&quot;46px&quot; bottom_divider_repeat=&quot;2x&quot; custom_css_free_form=&quot;#header-background{||  background:black !important;||}&quot; locked=&quot;off&quot; global_colors_info=&quot;{}&quot;][et_pb_row _builder_version=&quot;4.24.2&quot; _module_preset=&quot;default&quot; global_colors_info=&quot;{}&quot;][et_pb_column type=&quot;4_4&quot; _builder_version=&quot;4.24.2&quot; _module_preset=&quot;default&quot; global_colors_info=&quot;{}&quot;][et_pb_text admin_label=&quot;Texte&quot; _builder_version=&quot;4.24.2&quot; _module_preset=&quot;default&quot; header_font=&quot;Poppins|800|||||||&quot; header_text_align=&quot;center&quot; header_text_color=&quot;#f01010&quot; header_font_size=&quot;3.5vw&quot; header_2_text_align=&quot;left&quot; custom_margin=&quot;||22px|||&quot; header_font_size_tablet=&quot;45px&quot; header_font_size_phone=&quot;35px&quot; header_font_size_last_edited=&quot;on|desktop&quot; header_text_shadow_style=&quot;preset1&quot; header_text_shadow_color=&quot;rgba(0,0,0,0.2)&quot; global_colors_info=&quot;{}&quot;]<\/p>\n<h1><span style=\"color: #ffffff;\">\u00c9v\u00e9nements<\/span><\/h1>\n<p>[\/et_pb_text][et_pb_text _builder_version=\u00a0\u00bb4.24.2&Prime; _module_preset=\u00a0\u00bbdefault\u00a0\u00bb text_font=\u00a0\u00bbPoppins||||||||\u00a0\u00bb text_text_color=\u00a0\u00bb#FFFFFF\u00a0\u00bb text_orientation=\u00a0\u00bbcenter\u00a0\u00bb global_colors_info=\u00a0\u00bb{}\u00a0\u00bb]<\/p>\n<p>Faisons perdurer l&rsquo;esprit savoyard en restant connect\u00e9s, o\u00f9 que nous soyons.<\/p>\n<p>[\/et_pb_text][\/et_pb_column][\/et_pb_row][\/et_pb_section][et_pb_section fb_built=\u00a0\u00bb1&Prime; admin_label=\u00a0\u00bbsection\u00a0\u00bb _builder_version=\u00a0\u00bb4.24.2&Prime; custom_padding=\u00a0\u00bb|0px|28px|||\u00a0\u00bb global_colors_info=\u00a0\u00bb{}\u00a0\u00bb][et_pb_row admin_label=\u00a0\u00bbrow\u00a0\u00bb _builder_version=\u00a0\u00bb4.24.2&Prime; background_size=\u00a0\u00bbinitial\u00a0\u00bb background_position=\u00a0\u00bbtop_left\u00a0\u00bb background_repeat=\u00a0\u00bbrepeat\u00a0\u00bb global_colors_info=\u00a0\u00bb{}\u00a0\u00bb][et_pb_column type=\u00a0\u00bb4_4&Prime; _builder_version=\u00a0\u00bb4.16&Prime; custom_padding=\u00a0\u00bb|||\u00a0\u00bb global_colors_info=\u00a0\u00bb{}\u00a0\u00bb custom_padding__hover=\u00a0\u00bb|||\u00a0\u00bb][et_pb_text _builder_version=\u00a0\u00bb4.24.2&Prime; _module_preset=\u00a0\u00bbdefault\u00a0\u00bb header_2_font=\u00a0\u00bbPoppins|700|||||||\u00a0\u00bb header_2_text_align=\u00a0\u00bbcenter\u00a0\u00bb header_2_text_color=\u00a0\u00bb#f01010&Prime; header_2_font_size=\u00a0\u00bb20px\u00a0\u00bb custom_margin=\u00a0\u00bb||8px|||\u00a0\u00bb locked=\u00a0\u00bboff\u00a0\u00bb global_colors_info=\u00a0\u00bb{}\u00a0\u00bb]<\/p>\n<h2>Liste<\/h2>\n<p>[\/et_pb_text][et_pb_text _builder_version=\u00a0\u00bb4.24.2&Prime; _module_preset=\u00a0\u00bbdefault\u00a0\u00bb global_colors_info=\u00a0\u00bb{}\u00a0\u00bb]<\/p>\n<h1 style=\"text-align: center;\"><strong>\u00c9v\u00e8nements culturels<\/strong><\/h1>\n<p>&nbsp;<\/p>\n<p>[\/et_pb_text][et_pb_text _builder_version=\u00a0\u00bb4.24.2&Prime; _module_preset=\u00a0\u00bbdefault\u00a0\u00bb link_option_url=\u00a0\u00bbhttps:\/\/hautesavoie.fr\/en-pratique\/culture-patrimoine\/patrimoine\/les-collections-departementales\/brochure-plan-patrimoine-a4-2024\/\u00a0\u00bb global_colors_info=\u00a0\u00bb{}\u00a0\u00bb]<\/p>\n<h2><strong>D\u00e9couvrez les collections de la Haute-Savoie<\/strong><\/h2>\n<p>Le Conservatoire d&rsquo;Art et d&rsquo;Histoire, \u00e0 Annecy, vous offre la d\u00e9couverte des collections du d\u00e9partement de Haute-Savoie. A compter du 1er juillet 2024 focus sur Yves Mairot. Du lundi au vendredi de 10h00 \u00e0 18h00. Gratuit<\/p>\n<p><img loading=\"lazy\" decoding=\"async\" class=\"wp-image-2259 size-medium aligncenter\" src=\"https:\/\/nik6.com\/wp-content\/uploads\/2024\/07\/Affiche-A3-Expo-CAH.jpg-212x300.webp\" alt=\"\" width=\"212\" height=\"300\" \/><\/p>\n<p>[\/et_pb_text][et_pb_text _builder_version=\u00a0\u00bb4.24.2&Prime; _module_preset=\u00a0\u00bbdefault\u00a0\u00bb link_option_url=\u00a0\u00bbhttps:\/\/acrobat.adobe.com\/id\/urn:aaid:sc:EU:4d0b4fd7-ce91-43fb-84b9-5004df98295c\u00a0\u00bb global_colors_info=\u00a0\u00bb{}\u00a0\u00bb]<\/p>\n<h2><strong>Un site historique : le Plateau des Gli\u00e8res<\/strong><\/h2>\n<p>2024 est l&rsquo;ann\u00e9e du 80e anniversaire des combats des Gli\u00e8res. D\u00e9couvrez les sites de la R\u00e9sistance et les \u00e9v\u00e8nements comm\u00e9moratifs de ces lieux de m\u00e9moire embl\u00e9matiques.<img loading=\"lazy\" decoding=\"async\" class=\"wp-image-2261 size-medium aligncenter\" src=\"https:\/\/nik6.com\/wp-content\/uploads\/2024\/07\/DJI_0375-scaled-2-300x200.jpg\" alt=\"\" width=\"300\" height=\"200\" \/><\/p>\n<p>[\/et_pb_text][et_pb_text _builder_version=\u00a0\u00bb4.24.2&Prime; _module_preset=\u00a0\u00bbdefault\u00a0\u00bb header_2_font=\u00a0\u00bbPoppins|700|||||||\u00a0\u00bb header_2_text_align=\u00a0\u00bbleft\u00a0\u00bb header_2_text_color=\u00a0\u00bb#333333&Prime; header_2_font_size=\u00a0\u00bb24px\u00a0\u00bb header_3_font=\u00a0\u00bbPoppins|700|||||||\u00a0\u00bb header_3_text_align=\u00a0\u00bbcenter\u00a0\u00bb header_3_text_color=\u00a0\u00bb#333333&Prime; header_3_font_size=\u00a0\u00bb24px\u00a0\u00bb locked=\u00a0\u00bboff\u00a0\u00bb global_colors_info=\u00a0\u00bb{}\u00a0\u00bb]<\/p>\n<h3>LES RASSEMBLEMENTS ANNUELS<\/h3>\n<p>[\/et_pb_text][\/et_pb_column][\/et_pb_row][\/et_pb_section][et_pb_section fb_built=\u00a0\u00bb1&Prime; _builder_version=\u00a0\u00bb4.24.2&Prime; _module_preset=\u00a0\u00bbdefault\u00a0\u00bb custom_padding=\u00a0\u00bb7px|||||\u00a0\u00bb global_colors_info=\u00a0\u00bb{}\u00a0\u00bb][et_pb_row _builder_version=\u00a0\u00bb4.24.2&Prime; _module_preset=\u00a0\u00bbdefault\u00a0\u00bb global_colors_info=\u00a0\u00bb{}\u00a0\u00bb][et_pb_column type=\u00a0\u00bb4_4&Prime; _builder_version=\u00a0\u00bb4.24.2&Prime; _module_preset=\u00a0\u00bbdefault\u00a0\u00bb global_colors_info=\u00a0\u00bb{}\u00a0\u00bb][et_pb_text _builder_version=\u00a0\u00bb4.24.2&Prime; _module_preset=\u00a0\u00bbdefault\u00a0\u00bb custom_css_free_form=\u00a0\u00bb.sep-page .list-view article figure img {||  width: 100%;||  object-fit: cover;||  height: 200px;||}||||.sep-page .list-view article {|| font-family: &lsquo;Poppins&rsquo;,Helvetica, Arial, Lucida, sans-serif;||}||||.sep-page .list-view article .description {||  margin-left: 20%;||  padding: 10px 30px 10px 30px;||    padding-top: 10px;||    padding-right: 30px;||    padding-bottom: 10px;||    padding-left: 30px;||}\u00a0\u00bb global_colors_info=\u00a0\u00bb{}\u00a0\u00bb]<\/p>\n<p>[event_listing]<\/p>\n<p>[\/et_pb_text][\/et_pb_column][\/et_pb_row][\/et_pb_section][et_pb_section fb_built=\u00a0\u00bb1&Prime; _builder_version=\u00a0\u00bb4.24.2&Prime; _module_preset=\u00a0\u00bbdefault\u00a0\u00bb global_colors_info=\u00a0\u00bb{}\u00a0\u00bb][\/et_pb_section]<\/p>\n","protected":false},"excerpt":{"rendered":"<p>[et_pb_section fb_built=&quot;1&quot; next_background_color=&quot;#ffffff&quot; admin_label=&quot;header-background&quot; _builder_version=&quot;4.24.2&quot; _module_preset=&quot;default&quot; use_background_color_gradient=&quot;on&quot; background_color_gradient_direction=&quot;218deg&quot; background_color_gradient_stops=&quot;rgba(0,0,0,0.3) 0%|rgba(2,0,0,0.7) 100%&quot; background_color_gradient_overlays_image=&quot;on&quot; background_image=&quot;https:\/\/nik6.com\/wp-content\/uploads\/2024\/05\/DSC_0283-Copie-scaled.jpg&quot; background_position=&quot;bottom_center&quot; background_vertical_offset=&quot;68%&quot; height=&quot;45vh&quot; custom_padding=&quot;70px||49px|||&quot; top_divider_color=&quot;RGBA(255,255,255,0)&quot; bottom_divider_style=&quot;graph3&quot; bottom_divider_height=&quot;46px&quot; bottom_divider_repeat=&quot;2x&quot; custom_css_free_form=&quot;#header-background{|| background:black !important;||}&quot; locked=&quot;off&quot; global_colors_info=&quot;{}&quot;][et_pb_row _builder_version=&quot;4.24.2&quot; _module_preset=&quot;default&quot; global_colors_info=&quot;{}&quot;][et_pb_column type=&quot;4_4&quot; _builder_version=&quot;4.24.2&quot; _module_preset=&quot;default&quot; global_colors_info=&quot;{}&quot;][et_pb_text admin_label=&quot;Texte&quot; _builder_version=&quot;4.24.2&quot; _module_preset=&quot;default&quot; header_font=&quot;Poppins|800|||||||&quot; header_text_align=&quot;center&quot; header_text_color=&quot;#f01010&quot; header_font_size=&quot;3.5vw&quot; header_2_text_align=&quot;left&quot; custom_margin=&quot;||22px|||&quot; header_font_size_tablet=&quot;45px&quot; header_font_size_phone=&quot;35px&quot; header_font_size_last_edited=&quot;on|desktop&quot; header_text_shadow_style=&quot;preset1&quot; header_text_shadow_color=&quot;rgba(0,0,0,0.2)&quot; global_colors_info=&quot;{}&quot;] \u00c9v\u00e9nements [\/et_pb_text][et_pb_text&hellip; <\/p>\n","protected":false},"author":1,"featured_media":0,"parent":0,"menu_order":0,"comment_status":"closed","ping_status":"open","template":"","meta":{"footnotes":""},"class_list":["post-76","page","type-page","status-publish","hentry"],"jetpack_sharing_enabled":true,"_links":{"self":[{"href":"https:\/\/nik6.com\/index.php\/wp-json\/wp\/v2\/pages\/76","targetHints":{"allow":["GET"]}}],"collection":[{"href":"https:\/\/nik6.com\/index.php\/wp-json\/wp\/v2\/pages"}],"about":[{"href":"https:\/\/nik6.com\/index.php\/wp-json\/wp\/v2\/types\/page"}],"author":[{"embeddable":true,"href":"https:\/\/nik6.com\/index.php\/wp-json\/wp\/v2\/users\/1"}],"replies":[{"embeddable":true,"href":"https:\/\/nik6.com\/index.php\/wp-json\/wp\/v2\/comments?post=76"}],"version-history":[{"count":0,"href":"https:\/\/nik6.com\/index.php\/wp-json\/wp\/v2\/pages\/76\/revisions"}],"wp:attachment":[{"href":"https:\/\/nik6.com\/index.php\/wp-json\/wp\/v2\/media?parent=76"}],"curies":[{"name":"wp","href":"https:\/\/api.w.org\/{rel}","templated":true}]}}