{"id":85,"date":"2024-02-29T16:37:52","date_gmt":"2024-02-29T15:37:52","guid":{"rendered":"https:\/\/savoyards-du-monde.org\/?page_id=85"},"modified":"2024-02-29T16:37:52","modified_gmt":"2024-02-29T15:37:52","slug":"adhesion-et-soutien","status":"publish","type":"page","link":"https:\/\/nik6.com\/index.php\/adhesion-et-soutien\/","title":{"rendered":"Adh\u00e9sion et Soutien"},"content":{"rendered":"<p>[et_pb_section fb_built=&quot;1&quot; next_background_color=&quot;#ffffff&quot; admin_label=&quot;header-background&quot; _builder_version=&quot;4.24.2&quot; _module_preset=&quot;default&quot; use_background_color_gradient=&quot;on&quot; background_color_gradient_direction=&quot;218deg&quot; background_color_gradient_stops=&quot;rgba(0,0,0,0.3) 0%|rgba(2,0,0,0.7) 100%&quot; background_color_gradient_overlays_image=&quot;on&quot; background_image=&quot;https:\/\/nik6.com\/wp-content\/uploads\/2024\/05\/20170307_88-Copie-e1714661472523.jpg&quot; background_position=&quot;bottom_center&quot; background_vertical_offset=&quot;53%&quot; height=&quot;45vh&quot; custom_padding=&quot;70px||49px|||&quot; top_divider_color=&quot;RGBA(255,255,255,0)&quot; bottom_divider_style=&quot;graph3&quot; bottom_divider_height=&quot;46px&quot; bottom_divider_repeat=&quot;2x&quot; custom_css_free_form=&quot;#header-background{||  background:black !important;||}&quot; locked=&quot;off&quot; global_colors_info=&quot;{}&quot;][et_pb_row _builder_version=&quot;4.24.2&quot; _module_preset=&quot;default&quot; global_colors_info=&quot;{}&quot;][et_pb_column type=&quot;4_4&quot; _builder_version=&quot;4.24.2&quot; _module_preset=&quot;default&quot; global_colors_info=&quot;{}&quot;][et_pb_text _builder_version=&quot;4.24.2&quot; _module_preset=&quot;default&quot; header_font=&quot;Poppins|800|||||||&quot; header_text_align=&quot;center&quot; header_text_color=&quot;#f01010&quot; header_font_size=&quot;3.5vw&quot; header_2_text_align=&quot;left&quot; custom_margin=&quot;||22px|||&quot; header_font_size_tablet=&quot;45px&quot; header_font_size_phone=&quot;35px&quot; header_font_size_last_edited=&quot;on|desktop&quot; header_text_shadow_style=&quot;preset1&quot; header_text_shadow_color=&quot;rgba(0,0,0,0.2)&quot; global_colors_info=&quot;{}&quot;]<\/p>\n<h1><span style=\"color: #ffffff;\">Adh\u00e9sion et Soutien<\/span><\/h1>\n<p>[\/et_pb_text][et_pb_text _builder_version=\u00a0\u00bb4.24.2&Prime; _module_preset=\u00a0\u00bbdefault\u00a0\u00bb text_font=\u00a0\u00bbPoppins||||||||\u00a0\u00bb text_text_color=\u00a0\u00bb#FFFFFF\u00a0\u00bb text_orientation=\u00a0\u00bbcenter\u00a0\u00bb global_colors_info=\u00a0\u00bb{}\u00a0\u00bb]<span>Faisons perdurer l&rsquo;esprit savoyard en restant connect\u00e9s, o\u00f9 que nous soyons.<\/span>[\/et_pb_text][\/et_pb_column][\/et_pb_row][\/et_pb_section][et_pb_section fb_built=\u00a0\u00bb1&Prime; admin_label=\u00a0\u00bbQuote\u00a0\u00bb _builder_version=\u00a0\u00bb4.24.2&Prime; _module_preset=\u00a0\u00bbdefault\u00a0\u00bb background_enable_color=\u00a0\u00bboff\u00a0\u00bb custom_padding=\u00a0\u00bb||22px|||\u00a0\u00bb locked=\u00a0\u00bboff\u00a0\u00bb collapsed=\u00a0\u00bboff\u00a0\u00bb global_colors_info=\u00a0\u00bb{%22gcid-1f9b0bb3-481a-49f1-9fe6-999fc3c3182b%22:%91%22background_color%22%93}\u00a0\u00bb][et_pb_row admin_label=\u00a0\u00bbrow\u00a0\u00bb _builder_version=\u00a0\u00bb4.16&Prime; background_size=\u00a0\u00bbinitial\u00a0\u00bb background_position=\u00a0\u00bbtop_left\u00a0\u00bb background_repeat=\u00a0\u00bbrepeat\u00a0\u00bb global_colors_info=\u00a0\u00bb{}\u00a0\u00bb][et_pb_column type=\u00a0\u00bb4_4&Prime; _builder_version=\u00a0\u00bb4.16&Prime; custom_padding=\u00a0\u00bb|||\u00a0\u00bb global_colors_info=\u00a0\u00bb{}\u00a0\u00bb custom_padding__hover=\u00a0\u00bb|||\u00a0\u00bb][et_pb_text _builder_version=\u00a0\u00bb4.24.2&Prime; _module_preset=\u00a0\u00bbdefault\u00a0\u00bb header_2_font=\u00a0\u00bbPoppins|700|||||||\u00a0\u00bb header_2_text_align=\u00a0\u00bbcenter\u00a0\u00bb header_2_text_color=\u00a0\u00bb#f01010&Prime; header_2_font_size=\u00a0\u00bb20px\u00a0\u00bb custom_margin=\u00a0\u00bb||13px|||\u00a0\u00bb global_colors_info=\u00a0\u00bb{}\u00a0\u00bb]<\/p>\n<h2>Comment adh\u00e9rer et soutenir ?<\/h2>\n<p>[\/et_pb_text][et_pb_text _builder_version=\u00a0\u00bb4.24.2&Prime; _module_preset=\u00a0\u00bbdefault\u00a0\u00bb header_2_font=\u00a0\u00bbPoppins|700|||||||\u00a0\u00bb header_2_text_align=\u00a0\u00bbleft\u00a0\u00bb header_2_text_color=\u00a0\u00bb#333333&Prime; header_2_font_size=\u00a0\u00bb24px\u00a0\u00bb header_3_font=\u00a0\u00bbPoppins|700|||||||\u00a0\u00bb header_3_text_align=\u00a0\u00bbcenter\u00a0\u00bb header_3_text_color=\u00a0\u00bb#333333&Prime; header_3_font_size=\u00a0\u00bb24px\u00a0\u00bb locked=\u00a0\u00bboff\u00a0\u00bb global_colors_info=\u00a0\u00bb{}\u00a0\u00bb]<\/p>\n<h3>4 Possibilit\u00e9s<\/h3>\n<p>[\/et_pb_text][\/et_pb_column][\/et_pb_row][et_pb_row column_structure=&quot;1_4,1_4,1_4,1_4&quot; _builder_version=&quot;4.24.2&quot; _module_preset=&quot;default&quot; width=&quot;100%&quot; max_width=&quot;70%&quot; global_colors_info=&quot;{}&quot;][et_pb_column type=&quot;1_4&quot; _builder_version=&quot;4.24.2&quot; _module_preset=&quot;default&quot; global_colors_info=&quot;{}&quot;][et_pb_image src=&quot;https:\/\/nik6.com\/wp-content\/uploads\/2024\/03\/sdm-icon1svg.svg&quot; title_text=&quot;sdm-icon1svg&quot; _builder_version=&quot;4.24.2&quot; _module_preset=&quot;default&quot; width=&quot;55px&quot; module_alignment=&quot;center&quot; global_colors_info=&quot;{}&quot;][\/et_pb_image][et_pb_text _builder_version=&quot;4.24.2&quot; _module_preset=&quot;default&quot; header_4_font=&quot;Poppins||||||||&quot; header_4_text_align=&quot;center&quot; custom_margin=&quot;||15px||false|false&quot; global_colors_info=&quot;{}&quot;]<\/p>\n<h4>Adh\u00e9rer \u00e0\u00a0 la f\u00e9d\u00e9ration<\/h4>\n<p>[\/et_pb_text][et_pb_text admin_label=\u00a0\u00bbTexte\u00a0\u00bb _builder_version=\u00a0\u00bb4.24.2&Prime; _module_preset=\u00a0\u00bbdefault\u00a0\u00bb text_font=\u00a0\u00bbPoppins||||||||\u00a0\u00bb text_orientation=\u00a0\u00bbjustified\u00a0\u00bb min_height=\u00a0\u00bb200px\u00a0\u00bb custom_margin=\u00a0\u00bb0px||||false|false\u00a0\u00bb locked=\u00a0\u00bboff\u00a0\u00bb global_colors_info=\u00a0\u00bb{}\u00a0\u00bb]<\/p>\n<p>Vous \u00eates une association de savoyards et vous souhaitez adh\u00e9rer \u00e0\u00a0 la f\u00e9d\u00e9ration des Savoyards du Monde, vous pouvez le faire en nous retournant le bulletin d&rsquo;adh\u00e9sion renseign\u00e9 en cliquant sur le bouton ci-dessous.<\/p>\n<p>[\/et_pb_text][et_pb_button button_url=&quot;https:\/\/nik6.com\/wp-content\/uploads\/2025\/08\/Bulletin-dadhesion-Association-des-Savoyards-du-Monde.pdf&quot; url_new_window=&quot;on&quot; button_text=&quot;T\u00c9L\u00c9CHARGER&quot; button_alignment=&quot;center&quot; admin_label=&quot;Bouton&quot; _builder_version=&quot;4.24.2&quot; _module_preset=&quot;default&quot; custom_button=&quot;on&quot; button_text_size=&quot;16px&quot; button_text_color=&quot;#FFFFFF&quot; button_bg_color=&quot;#f01010&quot; button_border_width=&quot;10px&quot; button_border_color=&quot;RGBA(255,255,255,0)&quot; button_border_radius=&quot;100px&quot; button_letter_spacing=&quot;1px&quot; button_font=&quot;Poppins|600||on|||||&quot; button_icon=&quot;E||divi||400&quot; button_on_hover=&quot;off&quot; background_layout=&quot;dark&quot; custom_padding=&quot;||||false|false&quot; global_colors_info=&quot;{}&quot; button_bg_color__hover=&quot;#db0f0f&quot; button_bg_color__hover_enabled=&quot;on|hover&quot; button_letter_spacing__hover=&quot;1px&quot; button_letter_spacing__hover_enabled=&quot;on|hover&quot;][\/et_pb_button][\/et_pb_column][et_pb_column type=&quot;1_4&quot; _builder_version=&quot;4.24.2&quot; _module_preset=&quot;default&quot; global_colors_info=&quot;{}&quot;][et_pb_image src=&quot;https:\/\/nik6.com\/wp-content\/uploads\/2024\/03\/sdm-icon2svg.svg&quot; title_text=&quot;sdm-icon2svg&quot; _builder_version=&quot;4.24.2&quot; _module_preset=&quot;default&quot; width=&quot;55px&quot; module_alignment=&quot;center&quot; global_colors_info=&quot;{}&quot;][\/et_pb_image][et_pb_text _builder_version=&quot;4.24.2&quot; _module_preset=&quot;default&quot; header_4_font=&quot;Poppins||||||||&quot; header_4_text_align=&quot;center&quot; custom_margin=&quot;||15px||false|false&quot; global_colors_info=&quot;{}&quot;]<\/p>\n<h4>Entreprise partenaire<\/h4>\n<p>[\/et_pb_text][et_pb_text _builder_version=\u00a0\u00bb4.24.2&Prime; _module_preset=\u00a0\u00bbdefault\u00a0\u00bb text_font=\u00a0\u00bbPoppins||||||||\u00a0\u00bb text_orientation=\u00a0\u00bbjustified\u00a0\u00bb min_height=\u00a0\u00bb200px\u00a0\u00bb custom_margin=\u00a0\u00bb0px||||false|false\u00a0\u00bb locked=\u00a0\u00bboff\u00a0\u00bb global_colors_info=\u00a0\u00bb{}\u00a0\u00bb]<\/p>\n<p>Vous \u00eates une entreprise qui appr\u00e9cient les Savoyards du monde, vous souhaitez contribuer au financement de ses activit\u00e9s ou \u00e0\u00a0 la r\u00e9alisation des troph\u00e9es des Savoyards du Monde. Merci de le faire en nous retournant le bulletin renseign\u00e9 en cliquant sur le bouton ci-dessous.<\/p>\n<p>[\/et_pb_text][et_pb_button button_url=&quot;https:\/\/nik6.com\/wp-content\/uploads\/2025\/08\/Adhesion-entreprise-et-partenariat-Trophee-2025-final.pdf&quot; url_new_window=&quot;on&quot; button_text=&quot;T\u00c9L\u00c9CHARGER&quot; button_alignment=&quot;center&quot; _builder_version=&quot;4.24.2&quot; _module_preset=&quot;default&quot; custom_button=&quot;on&quot; button_text_size=&quot;16px&quot; button_text_color=&quot;#FFFFFF&quot; button_bg_color=&quot;#f01010&quot; button_border_width=&quot;10px&quot; button_border_color=&quot;RGBA(255,255,255,0)&quot; button_border_radius=&quot;100px&quot; button_letter_spacing=&quot;1px&quot; button_font=&quot;Poppins|600||on|||||&quot; button_icon=&quot;E||divi||400&quot; button_on_hover=&quot;off&quot; background_layout=&quot;dark&quot; custom_padding=&quot;||||false|false&quot; global_colors_info=&quot;{}&quot; button_bg_color__hover=&quot;#db0f0f&quot; button_bg_color__hover_enabled=&quot;on|hover&quot; button_letter_spacing__hover=&quot;1px&quot; button_letter_spacing__hover_enabled=&quot;on|hover&quot;][\/et_pb_button][\/et_pb_column][et_pb_column type=&quot;1_4&quot; _builder_version=&quot;4.24.2&quot; _module_preset=&quot;default&quot; global_colors_info=&quot;{}&quot;][et_pb_image src=&quot;https:\/\/nik6.com\/wp-content\/uploads\/2024\/03\/sdm-icon3svg.svg&quot; title_text=&quot;sdm-icon3svg&quot; _builder_version=&quot;4.24.2&quot; _module_preset=&quot;default&quot; width=&quot;55px&quot; module_alignment=&quot;center&quot; global_colors_info=&quot;{}&quot;][\/et_pb_image][et_pb_text _builder_version=&quot;4.24.2&quot; _module_preset=&quot;default&quot; header_4_font=&quot;Poppins||||||||&quot; header_4_text_align=&quot;center&quot; custom_margin=&quot;||15px||false|false&quot; global_colors_info=&quot;{}&quot;]<\/p>\n<h4>D\u00e9l\u00e9gu\u00e9<\/h4>\n<p>[\/et_pb_text][et_pb_text _builder_version=&quot;4.24.2&quot; _module_preset=&quot;default&quot; text_font=&quot;Poppins||||||||&quot; text_orientation=&quot;justified&quot; min_height=&quot;200px&quot; custom_margin=&quot;0px||||false|false&quot; locked=&quot;off&quot; global_colors_info=&quot;{}&quot;]Vous \u00eates savoyard et vous acceptez de repr\u00e9senter les Savoyards du Monde au sein de votre environnement. Pour ce faire, vous pouvez candidater en nous retournant le bulletin d&apos;adh\u00e9sion renseign\u00e9 en cliquant sur le bouton ci-dessous.[\/et_pb_text][et_pb_button button_url=&quot;https:\/\/nik6.com\/wp-content\/uploads\/2025\/08\/Bulletin-dadhesion-Delegue-des-Savoyards-du-Monde-1.pdf&quot; url_new_window=&quot;on&quot; button_text=&quot;T\u00c9L\u00c9CHARGER&quot; button_alignment=&quot;center&quot; _builder_version=&quot;4.24.2&quot; _module_preset=&quot;default&quot; custom_button=&quot;on&quot; button_text_size=&quot;16px&quot; button_text_color=&quot;#FFFFFF&quot; button_bg_color=&quot;#f01010&quot; button_border_width=&quot;10px&quot; button_border_color=&quot;RGBA(255,255,255,0)&quot; button_border_radius=&quot;100px&quot; button_letter_spacing=&quot;1px&quot; button_font=&quot;Poppins|600||on|||||&quot; button_icon=&quot;E||divi||400&quot; button_on_hover=&quot;off&quot; background_layout=&quot;dark&quot; custom_padding=&quot;||||false|false&quot; global_colors_info=&quot;{}&quot; button_bg_color__hover=&quot;#db0f0f&quot; button_bg_color__hover_enabled=&quot;on|hover&quot; button_letter_spacing__hover=&quot;1px&quot; button_letter_spacing__hover_enabled=&quot;on|hover&quot;][\/et_pb_button][\/et_pb_column][et_pb_column type=&quot;1_4&quot; _builder_version=&quot;4.24.2&quot; _module_preset=&quot;default&quot; global_colors_info=&quot;{}&quot;][et_pb_image src=&quot;https:\/\/nik6.com\/wp-content\/uploads\/2024\/03\/sdm-icon4svg.svg&quot; title_text=&quot;sdm-icon4svg&quot; _builder_version=&quot;4.24.2&quot; _module_preset=&quot;default&quot; width=&quot;55px&quot; module_alignment=&quot;center&quot; global_colors_info=&quot;{}&quot;][\/et_pb_image][et_pb_text _builder_version=&quot;4.24.2&quot; _module_preset=&quot;default&quot; header_4_font=&quot;Poppins||||||||&quot; header_4_text_align=&quot;center&quot; custom_margin=&quot;||15px||false|false&quot; global_colors_info=&quot;{}&quot;]<\/p>\n<h4>Ami des Savoyards du Monde<\/h4>\n<p>[\/et_pb_text][et_pb_text _builder_version=\u00a0\u00bb4.24.2&Prime; _module_preset=\u00a0\u00bbdefault\u00a0\u00bb text_font=\u00a0\u00bbPoppins||||||||\u00a0\u00bb text_orientation=\u00a0\u00bbjustified\u00a0\u00bb width=\u00a0\u00bb100%\u00a0\u00bb min_height=\u00a0\u00bb200px\u00a0\u00bb custom_margin=\u00a0\u00bb0px||||false|false\u00a0\u00bb locked=\u00a0\u00bboff\u00a0\u00bb global_colors_info=\u00a0\u00bb{}\u00a0\u00bb]<\/p>\n<p>Vous \u00eates un savoyard isol\u00e9, vous aimez la Savoie, vous pouvez rejoindre la f\u00e9d\u00e9ration des Savoyards du Monde en nous retournant le bulletin d&rsquo;adh\u00e9sion renseign\u00e9 en cliquant sur le bouton ci-dessous.<\/p>\n<p>[\/et_pb_text][et_pb_button button_url=&quot;https:\/\/nik6.com\/wp-content\/uploads\/2025\/08\/Bulletin-dadhesion-les-Amis-des-Savoyards-du-Monde-1.pdf&quot; url_new_window=&quot;on&quot; button_text=&quot;T\u00c9L\u00c9CHARGER&quot; button_alignment=&quot;center&quot; _builder_version=&quot;4.24.2&quot; _module_preset=&quot;default&quot; custom_button=&quot;on&quot; button_text_size=&quot;16px&quot; button_text_color=&quot;#FFFFFF&quot; button_bg_color=&quot;#f01010&quot; button_border_width=&quot;10px&quot; button_border_color=&quot;RGBA(255,255,255,0)&quot; button_border_radius=&quot;100px&quot; button_letter_spacing=&quot;1px&quot; button_font=&quot;Poppins|600||on|||||&quot; button_icon=&quot;E||divi||400&quot; button_on_hover=&quot;off&quot; background_layout=&quot;dark&quot; custom_padding=&quot;||||false|false&quot; hover_enabled=&quot;0&quot; global_colors_info=&quot;{}&quot; button_bg_color__hover=&quot;#db0f0f&quot; button_bg_color__hover_enabled=&quot;on|hover&quot; button_letter_spacing__hover=&quot;1px&quot; button_letter_spacing__hover_enabled=&quot;on|hover&quot; sticky_enabled=&quot;0&quot;][\/et_pb_button][\/et_pb_column][\/et_pb_row][\/et_pb_section][et_pb_section fb_built=&quot;1&quot; _builder_version=&quot;4.24.2&quot; _module_preset=&quot;default&quot; custom_padding=&quot;102px|||||&quot; collapsed=&quot;off&quot; global_colors_info=&quot;{}&quot;][et_pb_row admin_label=&quot;row&quot; _builder_version=&quot;4.16&quot; background_size=&quot;initial&quot; background_position=&quot;top_left&quot; background_repeat=&quot;repeat&quot; custom_padding=&quot;17px|||||&quot; locked=&quot;off&quot; global_colors_info=&quot;{}&quot;][et_pb_column type=&quot;4_4&quot; _builder_version=&quot;4.16&quot; custom_padding=&quot;|||&quot; global_colors_info=&quot;{}&quot; custom_padding__hover=&quot;|||&quot;][et_pb_text _builder_version=&quot;4.24.2&quot; _module_preset=&quot;default&quot; header_2_font=&quot;Poppins|700|||||||&quot; header_2_text_align=&quot;center&quot; header_2_text_color=&quot;#f01010&quot; header_2_font_size=&quot;20px&quot; custom_margin=&quot;||13px|||&quot; custom_padding=&quot;||0px|||&quot; global_colors_info=&quot;{}&quot;]<\/p>\n<h2>Partenaires<\/h2>\n<p>[\/et_pb_text][et_pb_text _builder_version=\u00a0\u00bb4.24.2&Prime; _module_preset=\u00a0\u00bbdefault\u00a0\u00bb header_2_font=\u00a0\u00bbPoppins|700|||||||\u00a0\u00bb header_2_text_align=\u00a0\u00bbleft\u00a0\u00bb header_2_text_color=\u00a0\u00bb#333333&Prime; header_2_font_size=\u00a0\u00bb24px\u00a0\u00bb header_3_font=\u00a0\u00bbPoppins|700|||||||\u00a0\u00bb header_3_text_align=\u00a0\u00bbcenter\u00a0\u00bb header_3_text_color=\u00a0\u00bb#333333&Prime; header_3_font_size=\u00a0\u00bb24px\u00a0\u00bb custom_margin=\u00a0\u00bb-8px|||||\u00a0\u00bb locked=\u00a0\u00bboff\u00a0\u00bb global_colors_info=\u00a0\u00bb{}\u00a0\u00bb]<\/p>\n<h3>REJOIGNEZ NOS NOMBREUX CONTRIBUTEURS<\/h3>\n<p>[\/et_pb_text][\/et_pb_column][\/et_pb_row][et_pb_row _builder_version=&quot;4.24.2&quot; _module_preset=&quot;default&quot; width=&quot;100%&quot; max_width=&quot;80vw&quot; max_width_tablet=&quot;80vw&quot; max_width_phone=&quot;80vw&quot; max_width_last_edited=&quot;on|desktop&quot; custom_padding=&quot;8px|||||&quot; locked=&quot;off&quot; global_colors_info=&quot;{}&quot;][et_pb_column type=&quot;4_4&quot; _builder_version=&quot;4.24.2&quot; _module_preset=&quot;default&quot; global_colors_info=&quot;{}&quot;][ba_logo_carousel animation_speed=&quot;1000ms&quot; use_nav=&quot;off&quot; slide_count=&quot;8&quot; logo_width=&quot;200px&quot; slide_count_tablet=&quot;4&quot; slide_count_phone=&quot;3&quot; slide_count_last_edited=&quot;on|phone&quot; logo_width_last_edited=&quot;off|phone&quot; _builder_version=&quot;4.24.2&quot; _module_preset=&quot;5b347f67-114a-49a5-b099-bef37b232688&quot; locked=&quot;off&quot; global_colors_info=&quot;{}&quot;][ba_logo_carousel_child logo=&quot;https:\/\/nik6.com\/wp-content\/uploads\/2024\/03\/fiduciaire_jf_pissettaz_logo.jpg&quot; brand_name=&quot;Fiduciaire Pissettaz Fidalp&quot; is_link=&quot;on&quot; link_url=&quot;http:\/\/www.fiduciaire-jfpissettaz.com\/&quot; link_options=&quot;on|off&quot; _builder_version=&quot;4.24.2&quot; _module_preset=&quot;default&quot; global_colors_info=&quot;{}&quot;][\/ba_logo_carousel_child][ba_logo_carousel_child logo=&quot;https:\/\/nik6.com\/wp-content\/uploads\/2024\/03\/banque-de-savoie.png&quot; brand_name=&quot;Banque de Savoie logo&quot; is_link=&quot;on&quot; link_url=&quot;https:\/\/www.banque-de-savoie.fr\/&quot; link_options=&quot;on|off&quot; _builder_version=&quot;4.24.2&quot; _module_preset=&quot;default&quot; global_colors_info=&quot;{}&quot;][\/ba_logo_carousel_child][ba_logo_carousel_child logo=&quot;https:\/\/nik6.com\/wp-content\/uploads\/2024\/03\/jean-perrier-et-fils-logo.png&quot; brand_name=&quot;soci\u00e9t\u00e9 Jean PERRIER et fils&quot; is_link=&quot;on&quot; link_url=&quot;https:\/\/www.vins-perrier.com\/&quot; link_options=&quot;on|off&quot; _builder_version=&quot;4.24.2&quot; _module_preset=&quot;default&quot; global_colors_info=&quot;{}&quot;][\/ba_logo_carousel_child][ba_logo_carousel_child logo=&quot;https:\/\/nik6.com\/wp-content\/uploads\/2024\/04\/logo-dorel-fouillat.png&quot; brand_name=&quot;Dorel &amp; Fouillat maison fond\u00e9e en 1919 logo&quot; is_link=&quot;on&quot; link_url=&quot;https:\/\/www.dorel-lyon.com\/&quot; link_options=&quot;on|off&quot; _builder_version=&quot;4.24.2&quot; _module_preset=&quot;default&quot; global_colors_info=&quot;{}&quot;][\/ba_logo_carousel_child][ba_logo_carousel_child logo=&quot;https:\/\/nik6.com\/wp-content\/uploads\/2024\/03\/la-fontaine-de-siloe-logo.jpg&quot; brand_name=&quot;La Fontaine de Silo\u00e9 logo&quot; is_link=&quot;on&quot; link_url=&quot;https:\/\/www.fontainesiloe.com\/&quot; link_options=&quot;on|off&quot; _builder_version=&quot;4.24.2&quot; _module_preset=&quot;default&quot; global_colors_info=&quot;{}&quot;][\/ba_logo_carousel_child][ba_logo_carousel_child logo=&quot;https:\/\/nik6.com\/wp-content\/uploads\/2024\/04\/le-dauphine-logo.png&quot; brand_name=&quot;Le dauphin\u00e9 lib\u00e9r\u00e9 logo&quot; is_link=&quot;on&quot; link_url=&quot;https:\/\/www.ledauphine.com\/savoie&quot; link_options=&quot;on|off&quot; _builder_version=&quot;4.24.2&quot; _module_preset=&quot;default&quot; global_colors_info=&quot;{}&quot;][\/ba_logo_carousel_child][ba_logo_carousel_child logo=&quot;https:\/\/nik6.com\/wp-content\/uploads\/2025\/05\/LOGO-2F-IMMO-PATP-M6-TV.png&quot; brand_name=&quot;Francis Feugnet 2F-IMMO&quot; is_link=&quot;on&quot; link_url=&quot;https:\/\/www.2f-immo.cool\/&quot; link_options=&quot;on|off&quot; _builder_version=&quot;4.24.2&quot; _module_preset=&quot;default&quot; global_colors_info=&quot;{}&quot;][\/ba_logo_carousel_child][ba_logo_carousel_child logo=&quot;https:\/\/nik6.com\/wp-content\/uploads\/2024\/05\/Allianz.jpg&quot; brand_name=&quot;Allianz&quot; is_link=&quot;on&quot; link_url=&quot;https:\/\/agence.allianz.fr\/morestel-38510-H93821&quot; link_options=&quot;on|off&quot; _builder_version=&quot;4.24.2&quot; _module_preset=&quot;default&quot; global_colors_info=&quot;{}&quot;][\/ba_logo_carousel_child][ba_logo_carousel_child logo=&quot;https:\/\/nik6.com\/wp-content\/uploads\/2025\/05\/beaufort.jpeg&quot; brand_name=&quot;Union des Producteurs de Beaufort&quot; _builder_version=&quot;4.24.2&quot; _module_preset=&quot;default&quot; global_colors_info=&quot;{}&quot;][\/ba_logo_carousel_child][ba_logo_carousel_child logo=&quot;https:\/\/nik6.com\/wp-content\/uploads\/2025\/05\/savoie_lactee-removebg-preview.webp&quot; brand_name=&quot;Savoie lact\u00e9e&quot; _builder_version=&quot;4.24.2&quot; _module_preset=&quot;default&quot; global_colors_info=&quot;{}&quot;][\/ba_logo_carousel_child][ba_logo_carousel_child logo=&quot;https:\/\/nik6.com\/wp-content\/uploads\/2025\/05\/Image.jpeg&quot; brand_name=&quot;Eau min\u00e9rale Bonneval&quot; _builder_version=&quot;4.24.2&quot; _module_preset=&quot;default&quot; global_colors_info=&quot;{}&quot;][\/ba_logo_carousel_child][\/ba_logo_carousel][\/et_pb_column][\/et_pb_row][\/et_pb_section]<\/p>\n","protected":false},"excerpt":{"rendered":"<p>[et_pb_section fb_built=&quot;1&quot; next_background_color=&quot;#ffffff&quot; admin_label=&quot;header-background&quot; _builder_version=&quot;4.24.2&quot; _module_preset=&quot;default&quot; use_background_color_gradient=&quot;on&quot; background_color_gradient_direction=&quot;218deg&quot; background_color_gradient_stops=&quot;rgba(0,0,0,0.3) 0%|rgba(2,0,0,0.7) 100%&quot; background_color_gradient_overlays_image=&quot;on&quot; background_image=&quot;https:\/\/nik6.com\/wp-content\/uploads\/2024\/05\/20170307_88-Copie-e1714661472523.jpg&quot; background_position=&quot;bottom_center&quot; background_vertical_offset=&quot;53%&quot; height=&quot;45vh&quot; custom_padding=&quot;70px||49px|||&quot; top_divider_color=&quot;RGBA(255,255,255,0)&quot; bottom_divider_style=&quot;graph3&quot; bottom_divider_height=&quot;46px&quot; bottom_divider_repeat=&quot;2x&quot; custom_css_free_form=&quot;#header-background{|| background:black !important;||}&quot; locked=&quot;off&quot; global_colors_info=&quot;{}&quot;][et_pb_row _builder_version=&quot;4.24.2&quot; _module_preset=&quot;default&quot; global_colors_info=&quot;{}&quot;][et_pb_column type=&quot;4_4&quot; _builder_version=&quot;4.24.2&quot; _module_preset=&quot;default&quot; global_colors_info=&quot;{}&quot;][et_pb_text _builder_version=&quot;4.24.2&quot; _module_preset=&quot;default&quot; header_font=&quot;Poppins|800|||||||&quot; header_text_align=&quot;center&quot; header_text_color=&quot;#f01010&quot; header_font_size=&quot;3.5vw&quot; header_2_text_align=&quot;left&quot; custom_margin=&quot;||22px|||&quot; header_font_size_tablet=&quot;45px&quot; header_font_size_phone=&quot;35px&quot; header_font_size_last_edited=&quot;on|desktop&quot; header_text_shadow_style=&quot;preset1&quot; header_text_shadow_color=&quot;rgba(0,0,0,0.2)&quot; global_colors_info=&quot;{}&quot;] Adh\u00e9sion et Soutien&hellip; <\/p>\n","protected":false},"author":1,"featured_media":0,"parent":0,"menu_order":0,"comment_status":"closed","ping_status":"open","template":"","meta":{"footnotes":""},"class_list":["post-85","page","type-page","status-publish","hentry"],"jetpack_sharing_enabled":true,"_links":{"self":[{"href":"https:\/\/nik6.com\/index.php\/wp-json\/wp\/v2\/pages\/85","targetHints":{"allow":["GET"]}}],"collection":[{"href":"https:\/\/nik6.com\/index.php\/wp-json\/wp\/v2\/pages"}],"about":[{"href":"https:\/\/nik6.com\/index.php\/wp-json\/wp\/v2\/types\/page"}],"author":[{"embeddable":true,"href":"https:\/\/nik6.com\/index.php\/wp-json\/wp\/v2\/users\/1"}],"replies":[{"embeddable":true,"href":"https:\/\/nik6.com\/index.php\/wp-json\/wp\/v2\/comments?post=85"}],"version-history":[{"count":0,"href":"https:\/\/nik6.com\/index.php\/wp-json\/wp\/v2\/pages\/85\/revisions"}],"wp:attachment":[{"href":"https:\/\/nik6.com\/index.php\/wp-json\/wp\/v2\/media?parent=85"}],"curies":[{"name":"wp","href":"https:\/\/api.w.org\/{rel}","templated":true}]}}